{"id":372,"date":"2026-02-12T12:03:16","date_gmt":"2026-02-12T12:03:16","guid":{"rendered":"https:\/\/casasfumero.com\/contacto-2\/"},"modified":"2026-04-03T16:11:01","modified_gmt":"2026-04-03T16:11:01","slug":"contacto-2","status":"publish","type":"page","link":"https:\/\/casasfumero.com\/en\/contacto-2\/","title":{"rendered":"Contact"},"content":{"rendered":"<div data-elementor-type=\"wp-page\" data-elementor-id=\"372\" class=\"elementor elementor-372\" data-elementor-post-type=\"page\">\n\t\t\t\t<div class=\"elementor-element elementor-element-425a1bf e-flex e-con-boxed e-con e-parent\" data-id=\"425a1bf\" data-element_type=\"container\" data-e-type=\"container\" data-settings=\"{&quot;background_background&quot;:&quot;classic&quot;}\">\n\t\t\t\t\t<div class=\"e-con-inner\">\n\t\t<div class=\"elementor-element elementor-element-8eb3a11 e-con-full e-flex e-con e-child\" data-id=\"8eb3a11\" data-element_type=\"container\" data-e-type=\"container\">\n\t\t\t\t<div class=\"elementor-element elementor-element-2516ff0 hostinger-ai-title elementor-widget elementor-widget-heading\" data-id=\"2516ff0\" data-element_type=\"widget\" data-e-type=\"widget\" data-widget_type=\"heading.default\">\n\t\t\t\t\t<h2 class=\"elementor-heading-title elementor-size-default\">Contact us<\/h2>\t\t\t\t<\/div>\n\t\t\t\t<div class=\"elementor-element elementor-element-bb2189c elementor-widget__width-initial hostinger-ai-description elementor-widget elementor-widget-text-editor\" data-id=\"bb2189c\" data-element_type=\"widget\" data-e-type=\"widget\" data-widget_type=\"text-editor.default\">\n\t\t\t\t\t\t\t\t\tDo you have any questions or wish to book? Write to us and we'll get back to you quickly.\t\t\t\t\t\t\t\t<\/div>\n\t\t\t\t<\/div>\n\t\t\t\t\t<\/div>\n\t\t\t\t<\/div>\n\t\t<div class=\"elementor-element elementor-element-d3111dd e-flex e-con-boxed e-con e-parent\" data-id=\"d3111dd\" data-element_type=\"container\" data-e-type=\"container\">\n\t\t\t\t\t<div class=\"e-con-inner\">\n\t\t<div class=\"elementor-element elementor-element-3ae9a29 e-grid hostinger-ai-contact-form-2 e-con-full e-con e-child\" data-id=\"3ae9a29\" data-element_type=\"container\" data-e-type=\"container\">\n\t\t<div class=\"elementor-element elementor-element-28d18f8 e-con-full e-flex e-con e-child\" data-id=\"28d18f8\" data-element_type=\"container\" data-e-type=\"container\">\n\t\t\t\t<div class=\"elementor-element elementor-element-b2a0b14 hostinger-ai-title elementor-widget elementor-widget-heading\" data-id=\"b2a0b14\" data-element_type=\"widget\" data-e-type=\"widget\" data-widget_type=\"heading.default\">\n\t\t\t\t\t<h2 class=\"elementor-heading-title elementor-size-default\">Contact us today<\/h2>\t\t\t\t<\/div>\n\t\t\t\t<div class=\"elementor-element elementor-element-5211450 elementor-widget elementor-widget-hostinger-contact-form\" data-id=\"5211450\" data-element_type=\"widget\" data-e-type=\"widget\" data-widget_type=\"hostinger-contact-form.default\">\n\t\t\t\t<div class=\"elementor-widget-container\">\n\t\t\t\t\t        <div class=\"hostinger-elementor-contact-form\">\n            <section class=\"hts-section hts-page hts-contact-form\">\n                <div class=\"hts-details\">\n                    <div class=\"elementor-hts-contact-details elementor-hts-contacts\">\n                        \n                        \n                        <form id=\"contact-form-69d99d7fe8fda\" data-recipient=\"\" action=\"\">\n                            <input type=\"hidden\" id=\"contactform_nonce\" name=\"contactform_nonce\" value=\"845e9b15b9\" \/><input type=\"hidden\" name=\"_wp_http_referer\" value=\"\/en\/wp-json\/wp\/v2\/pages\/372\" \/>\n                            <label for=\"contact-form-69d99d7fe8fda-name\">Name<\/label>\n                            <input type=\"text\"\n                                   id=\"contact-form-69d99d7fe8fda-name\"\n                                   class=\"contact-name\"\n                                   name=\"name\"\n                                   placeholder=\"What is your name?\"\n                                   required>\n\n                            <label for=\"contact-form-69d99d7fe8fda-email\">Email<\/label>\n                            <input type=\"email\"\n                                   id=\"contact-form-69d99d7fe8fda-email\"\n                                   class=\"contact-email\"\n                                   name=\"email\"\n                                   placeholder=\"What is your email?\"\n                                   required>\n\n                            <label for=\"contact-form-69d99d7fe8fda-message\">Message<\/label>\n                            <textarea id=\"contact-form-69d99d7fe8fda-message\"\n                                      class=\"contact-message\"\n                                      name=\"message\"\n                                      placeholder=\"Type your message...\"\n                                      required><\/textarea>\n\n                            <div class=\"hts-privacy-agree\">\n                                <label class=\"hts-form-control\">\n                                    <input type=\"checkbox\"\n                                           id=\"contact-form-69d99d7fe8fda-privacy-policy-checkbox\"\n                                           class=\"privacy-policy-checkbox\"\n                                           name=\"privacy_policy\"\n                                           required>\n                                    <span>I consent to use of provided personal data for the purpose of responding to the request as described in <a href=\"\" target=\"_blank\">Privacy Policy<\/a> which I have read. I may withdraw my consent at any time.<\/span>\n                                <\/label>\n                            <\/div>\n\n                            <input type=\"submit\" value=\"Send message\">\n                            <div class=\"validate-message\"><\/div>\n                        <input type=\"hidden\" name=\"trp-form-language\" value=\"en\"\/><\/form>\n                    <\/div>\n                <\/div>\n            <\/section>\n        <\/div>\n        \t\t\t\t<\/div>\n\t\t\t\t<\/div>\n\t\t\t\t<\/div>\n\t\t<div class=\"elementor-element elementor-element-9aa380d e-con-full e-flex e-con e-child\" data-id=\"9aa380d\" data-element_type=\"container\" data-e-type=\"container\">\n\t\t\t\t<div class=\"elementor-element elementor-element-58c4393 elementor-widget elementor-widget-image\" data-id=\"58c4393\" data-element_type=\"widget\" data-e-type=\"widget\" data-widget_type=\"image.default\">\n\t\t\t\t\t\t\t\t\t\t\t\t\t\t\t<img fetchpriority=\"high\" decoding=\"async\" width=\"1541\" height=\"800\" src=\"https:\/\/casasfumero.com\/wp-content\/uploads\/2026\/04\/132-adobestock146193007.jpeg\" class=\"attachment-full size-full wp-image-815\" alt=\"\" srcset=\"https:\/\/casasfumero.com\/wp-content\/uploads\/2026\/04\/132-adobestock146193007.jpeg 1541w, https:\/\/casasfumero.com\/wp-content\/uploads\/2026\/04\/132-adobestock146193007-300x156.jpeg 300w, https:\/\/casasfumero.com\/wp-content\/uploads\/2026\/04\/132-adobestock146193007-1024x532.jpeg 1024w, https:\/\/casasfumero.com\/wp-content\/uploads\/2026\/04\/132-adobestock146193007-768x399.jpeg 768w, https:\/\/casasfumero.com\/wp-content\/uploads\/2026\/04\/132-adobestock146193007-1536x797.jpeg 1536w, https:\/\/casasfumero.com\/wp-content\/uploads\/2026\/04\/132-adobestock146193007-600x311.jpeg 600w\" sizes=\"(max-width: 1541px) 100vw, 1541px\" \/>\t\t\t\t\t\t\t\t\t\t\t\t\t\t\t<\/div>\n\t\t\t\t<\/div>\n\t\t\t\t<\/div>\n\t\t\t\t\t<\/div>\n\t\t\t\t<\/div>\n\t\t\t\t<\/div>","protected":false},"excerpt":{"rendered":"<p>Cont\u00e1ctanos \u00bfTienes dudas o quieres reservar? Escr\u00edbenos y te responderemos r\u00e1pido. Cont\u00e1ctanos hoy Nombre Email Mensaje Autorizo el uso de los datos personales facilitados con el fin de responder a la solicitud seg\u00fan lo descrito en Pol\u00edtica de privacidad que he le\u00eddo. Puedo retirar mi consentimiento en cualquier momento.<\/p>","protected":false},"author":1,"featured_media":0,"parent":0,"menu_order":0,"comment_status":"closed","ping_status":"closed","template":"","meta":{"footnotes":""},"class_list":["post-372","page","type-page","status-publish","hentry"],"_hostinger_reach_plugin_has_subscription_block":false,"_hostinger_reach_plugin_is_elementor":false,"_links":{"self":[{"href":"https:\/\/casasfumero.com\/en\/wp-json\/wp\/v2\/pages\/372","targetHints":{"allow":["GET"]}}],"collection":[{"href":"https:\/\/casasfumero.com\/en\/wp-json\/wp\/v2\/pages"}],"about":[{"href":"https:\/\/casasfumero.com\/en\/wp-json\/wp\/v2\/types\/page"}],"author":[{"embeddable":true,"href":"https:\/\/casasfumero.com\/en\/wp-json\/wp\/v2\/users\/1"}],"replies":[{"embeddable":true,"href":"https:\/\/casasfumero.com\/en\/wp-json\/wp\/v2\/comments?post=372"}],"version-history":[{"count":9,"href":"https:\/\/casasfumero.com\/en\/wp-json\/wp\/v2\/pages\/372\/revisions"}],"predecessor-version":[{"id":818,"href":"https:\/\/casasfumero.com\/en\/wp-json\/wp\/v2\/pages\/372\/revisions\/818"}],"wp:attachment":[{"href":"https:\/\/casasfumero.com\/en\/wp-json\/wp\/v2\/media?parent=372"}],"curies":[{"name":"wp","href":"https:\/\/api.w.org\/{rel}","templated":true}]}}