{"id":402,"date":"2026-02-12T12:49:00","date_gmt":"2026-02-12T12:49:00","guid":{"rendered":"https:\/\/casasfumero.com\/anfitrion\/"},"modified":"2026-04-03T20:23:38","modified_gmt":"2026-04-03T20:23:38","slug":"anfitrion","status":"publish","type":"page","link":"https:\/\/casasfumero.com\/en\/anfitrion\/","title":{"rendered":"Host"},"content":{"rendered":"<div data-elementor-type=\"wp-page\" data-elementor-id=\"402\" class=\"elementor elementor-402\" data-elementor-post-type=\"page\">\n\t\t\t\t<div class=\"elementor-element elementor-element-a6845b4 e-flex e-con-boxed e-con e-parent\" data-id=\"a6845b4\" data-element_type=\"container\" data-e-type=\"container\" data-settings=\"{&quot;background_background&quot;:&quot;classic&quot;}\">\n\t\t\t\t\t<div class=\"e-con-inner\">\n\t\t<div class=\"elementor-element elementor-element-d1b7dee e-con-full e-flex e-con e-child\" data-id=\"d1b7dee\" data-element_type=\"container\" data-e-type=\"container\">\n\t\t\t\t<div class=\"elementor-element elementor-element-862de4b elementor-widget elementor-widget-heading\" data-id=\"862de4b\" data-element_type=\"widget\" data-e-type=\"widget\" data-widget_type=\"heading.default\">\n\t\t\t\t\t<h1 class=\"elementor-heading-title elementor-size-default\">Laura<\/h1>\t\t\t\t<\/div>\n\t\t\t\t<div class=\"elementor-element elementor-element-1b3f7cd elementor-widget elementor-widget-spacer\" data-id=\"1b3f7cd\" data-element_type=\"widget\" data-e-type=\"widget\" data-widget_type=\"spacer.default\">\n\t\t\t\t\t\t\t<div class=\"elementor-spacer\">\n\t\t\t<div class=\"elementor-spacer-inner\"><\/div>\n\t\t<\/div>\n\t\t\t\t\t\t<\/div>\n\t\t\t\t<div class=\"elementor-element elementor-element-74cd85c elementor-widget__width-initial elementor-widget elementor-widget-text-editor\" data-id=\"74cd85c\" data-element_type=\"widget\" data-e-type=\"widget\" data-widget_type=\"text-editor.default\">\n\t\t\t\t\t\t\t\t\t<p data-start=\"1202\" data-end=\"1451\">Carmen Laura is a Superhost with over 7 years of experience in the holiday rental sector. With an average rating of 4.93 out of 5 based on over 153 reviews, she stands out for offering a friendly, professional, and personalised service.<\/p><p data-start=\"1453\" data-end=\"1696\">Residing in Adeje, they know the area perfectly and are always available to help their guests, ensuring a comfortable, peaceful, and memorable stay. They speak Spanish and English, facilitating communication with visitors from all over the world.<\/p>\t\t\t\t\t\t\t\t<\/div>\n\t\t\t\t<\/div>\n\t\t<div class=\"elementor-element elementor-element-0952aaa e-con-full e-flex e-con e-child\" data-id=\"0952aaa\" data-element_type=\"container\" data-e-type=\"container\">\n\t\t\t\t<div class=\"elementor-element elementor-element-a581710 elementor-widget elementor-widget-image\" data-id=\"a581710\" data-element_type=\"widget\" data-e-type=\"widget\" data-widget_type=\"image.default\">\n\t\t\t\t\t\t\t\t\t\t\t\t\t\t\t<img fetchpriority=\"high\" decoding=\"async\" width=\"479\" height=\"494\" src=\"https:\/\/casasfumero.com\/wp-content\/uploads\/2026\/04\/WhatsApp-Image-2026-04-03-at-21.22.23.jpeg\" class=\"attachment-full size-full wp-image-856\" alt=\"\" srcset=\"https:\/\/casasfumero.com\/wp-content\/uploads\/2026\/04\/WhatsApp-Image-2026-04-03-at-21.22.23.jpeg 479w, https:\/\/casasfumero.com\/wp-content\/uploads\/2026\/04\/WhatsApp-Image-2026-04-03-at-21.22.23-291x300.jpeg 291w, https:\/\/casasfumero.com\/wp-content\/uploads\/2026\/04\/WhatsApp-Image-2026-04-03-at-21.22.23-12x12.jpeg 12w\" sizes=\"(max-width: 479px) 100vw, 479px\" \/>\t\t\t\t\t\t\t\t\t\t\t\t\t\t\t<\/div>\n\t\t\t\t<\/div>\n\t\t\t\t\t<\/div>\n\t\t\t\t<\/div>\n\t\t<div class=\"elementor-element elementor-element-7d29e86 e-flex e-con-boxed e-con e-parent\" data-id=\"7d29e86\" data-element_type=\"container\" data-e-type=\"container\">\n\t\t\t\t\t<div class=\"e-con-inner\">\n\t\t\t\t<div class=\"elementor-element elementor-element-7eb3c87 elementor-widget elementor-widget-spacer\" data-id=\"7eb3c87\" data-element_type=\"widget\" data-e-type=\"widget\" data-widget_type=\"spacer.default\">\n\t\t\t\t\t\t\t<div class=\"elementor-spacer\">\n\t\t\t<div class=\"elementor-spacer-inner\"><\/div>\n\t\t<\/div>\n\t\t\t\t\t\t<\/div>\n\t\t\t\t\t<\/div>\n\t\t\t\t<\/div>\n\t\t\t\t<\/div>","protected":false},"excerpt":{"rendered":"<p>Laura Carmen Laura es una Superanfitriona con m\u00e1s de 7 a\u00f1os de experiencia en el sector del alquiler vacacional. Con una valoraci\u00f3n media de 4,93 sobre 5 basada en m\u00e1s de 153 evaluaciones, destaca por ofrecer un trato cercano, profesional y personalizado. Residente en Adeje, conoce perfectamente la zona y est\u00e1 siempre disponible para ayudar [&hellip;]<\/p>\n","protected":false},"author":1,"featured_media":0,"parent":0,"menu_order":0,"comment_status":"closed","ping_status":"closed","template":"","meta":{"footnotes":""},"class_list":["post-402","page","type-page","status-publish","hentry"],"_hostinger_reach_plugin_has_subscription_block":false,"_hostinger_reach_plugin_is_elementor":false,"_links":{"self":[{"href":"https:\/\/casasfumero.com\/en\/wp-json\/wp\/v2\/pages\/402","targetHints":{"allow":["GET"]}}],"collection":[{"href":"https:\/\/casasfumero.com\/en\/wp-json\/wp\/v2\/pages"}],"about":[{"href":"https:\/\/casasfumero.com\/en\/wp-json\/wp\/v2\/types\/page"}],"author":[{"embeddable":true,"href":"https:\/\/casasfumero.com\/en\/wp-json\/wp\/v2\/users\/1"}],"replies":[{"embeddable":true,"href":"https:\/\/casasfumero.com\/en\/wp-json\/wp\/v2\/comments?post=402"}],"version-history":[{"count":24,"href":"https:\/\/casasfumero.com\/en\/wp-json\/wp\/v2\/pages\/402\/revisions"}],"predecessor-version":[{"id":862,"href":"https:\/\/casasfumero.com\/en\/wp-json\/wp\/v2\/pages\/402\/revisions\/862"}],"wp:attachment":[{"href":"https:\/\/casasfumero.com\/en\/wp-json\/wp\/v2\/media?parent=402"}],"curies":[{"name":"wp","href":"https:\/\/api.w.org\/{rel}","templated":true}]}}